{"id":364,"date":"2019-05-08T09:05:49","date_gmt":"2019-05-08T07:05:49","guid":{"rendered":"http:\/\/gfdyveke.dk\/wp2012\/?page_id=364"},"modified":"2019-06-15T09:59:35","modified_gmt":"2019-06-15T07:59:35","slug":"klaus-rifbjerg-og-amager","status":"publish","type":"page","link":"https:\/\/gfdyveke.dk\/wp2012\/?page_id=364","title":{"rendered":"Klaus Rifbjerg og Amager"},"content":{"rendered":"\n<p><a href=\"https:\/\/politiken.dk\/kultur\/boger\/bogforum\/art5416124\/Klaus-Rifbjerg-siger-velkommen-til-BogForum-med-nyt-Amagerdigt\">Hjertekammeret<\/a><\/p>\n\n\n\n<p><a href=\"http:\/\/gfdyveke.dk\/wp2012\/wp-content\/uploads\/2019\/05\/Sundbyfolk.-Rifbjerg-uddrag.pdf\">Klaus Rifbjerg: Der var s\u00e5dan et overskud af hum\u00f8r i Klogerup, <\/a>(Sundbyfolk, 2014)<\/p>\n\n\n\n<p><a href=\"https:\/\/www.gimles.dk\/wp-content\/uploads\/2017\/02\/Gimles-100-%C3%A5rs-jubil%C3%A6umsskrift..pdf\">Grundejerforeningen Gimles jubil\u00e6umsskrift<\/a><\/p>\n\n\n\n<p><\/p>\n\n\n\n<figure class=\"wp-block-image\"><img decoding=\"async\" loading=\"lazy\" width=\"710\" height=\"599\" src=\"http:\/\/gfdyveke.dk\/wp2012\/wp-content\/uploads\/2019\/05\/Rifbjerg_Nils_Meilvang_1999.jpg\" alt=\"Klaus Rifbjerg, copyright Nils Meilvang, 1999\" class=\"wp-image-400\" srcset=\"https:\/\/gfdyveke.dk\/wp2012\/wp-content\/uploads\/2019\/05\/Rifbjerg_Nils_Meilvang_1999.jpg 710w, https:\/\/gfdyveke.dk\/wp2012\/wp-content\/uploads\/2019\/05\/Rifbjerg_Nils_Meilvang_1999-300x253.jpg 300w, https:\/\/gfdyveke.dk\/wp2012\/wp-content\/uploads\/2019\/05\/Rifbjerg_Nils_Meilvang_1999-100x84.jpg 100w, https:\/\/gfdyveke.dk\/wp2012\/wp-content\/uploads\/2019\/05\/Rifbjerg_Nils_Meilvang_1999-150x127.jpg 150w, https:\/\/gfdyveke.dk\/wp2012\/wp-content\/uploads\/2019\/05\/Rifbjerg_Nils_Meilvang_1999-200x169.jpg 200w, https:\/\/gfdyveke.dk\/wp2012\/wp-content\/uploads\/2019\/05\/Rifbjerg_Nils_Meilvang_1999-450x380.jpg 450w, https:\/\/gfdyveke.dk\/wp2012\/wp-content\/uploads\/2019\/05\/Rifbjerg_Nils_Meilvang_1999-600x506.jpg 600w\" sizes=\"(max-width: 710px) 100vw, 710px\" \/><\/figure>\n","protected":false},"excerpt":{"rendered":"<p>Hjertekammeret Klaus Rifbjerg: Der var s\u00e5dan et overskud af hum\u00f8r i Klogerup, (Sundbyfolk, 2014) Grundejerforeningen Gimles jubil\u00e6umsskrift<\/p>\n","protected":false},"author":5,"featured_media":0,"parent":320,"menu_order":3,"comment_status":"closed","ping_status":"closed","template":"","meta":[],"_links":{"self":[{"href":"https:\/\/gfdyveke.dk\/wp2012\/index.php?rest_route=\/wp\/v2\/pages\/364"}],"collection":[{"href":"https:\/\/gfdyveke.dk\/wp2012\/index.php?rest_route=\/wp\/v2\/pages"}],"about":[{"href":"https:\/\/gfdyveke.dk\/wp2012\/index.php?rest_route=\/wp\/v2\/types\/page"}],"author":[{"embeddable":true,"href":"https:\/\/gfdyveke.dk\/wp2012\/index.php?rest_route=\/wp\/v2\/users\/5"}],"replies":[{"embeddable":true,"href":"https:\/\/gfdyveke.dk\/wp2012\/index.php?rest_route=%2Fwp%2Fv2%2Fcomments&post=364"}],"version-history":[{"count":9,"href":"https:\/\/gfdyveke.dk\/wp2012\/index.php?rest_route=\/wp\/v2\/pages\/364\/revisions"}],"predecessor-version":[{"id":476,"href":"https:\/\/gfdyveke.dk\/wp2012\/index.php?rest_route=\/wp\/v2\/pages\/364\/revisions\/476"}],"up":[{"embeddable":true,"href":"https:\/\/gfdyveke.dk\/wp2012\/index.php?rest_route=\/wp\/v2\/pages\/320"}],"wp:attachment":[{"href":"https:\/\/gfdyveke.dk\/wp2012\/index.php?rest_route=%2Fwp%2Fv2%2Fmedia&parent=364"}],"curies":[{"name":"wp","href":"https:\/\/api.w.org\/{rel}","templated":true}]}}